{"id":137,"date":"2024-03-11T04:21:22","date_gmt":"2024-03-11T04:21:22","guid":{"rendered":"https:\/\/treslunasbeautyspa.com\/?page_id=137"},"modified":"2024-03-12T01:20:03","modified_gmt":"2024-03-12T01:20:03","slug":"salon-de-belleza","status":"publish","type":"page","link":"https:\/\/treslunasbeautyspa.com\/index.php\/salon-de-belleza\/","title":{"rendered":"Sal\u00f3n de Belleza"},"content":{"rendered":"\t\t<div data-elementor-type=\"wp-page\" data-elementor-id=\"137\" class=\"elementor elementor-137\" data-elementor-post-type=\"page\">\n\t\t\t\t<div class=\"elementor-element elementor-element-3a4da34 e-flex e-con-boxed e-con e-parent\" data-id=\"3a4da34\" data-element_type=\"container\" data-settings=\"{&quot;content_width&quot;:&quot;boxed&quot;}\" data-core-v316-plus=\"true\">\n\t\t\t\t\t<div class=\"e-con-inner\">\n\t\t\t\t<div class=\"elementor-element elementor-element-08873c8 elementor-widget elementor-widget-heading\" data-id=\"08873c8\" data-element_type=\"widget\" data-widget_type=\"heading.default\">\n\t\t\t\t<div class=\"elementor-widget-container\">\n\t\t\t<style>\/*! elementor - v3.19.0 - 28-02-2024 *\/\n.elementor-heading-title{padding:0;margin:0;line-height:1}.elementor-widget-heading .elementor-heading-title[class*=elementor-size-]>a{color:inherit;font-size:inherit;line-height:inherit}.elementor-widget-heading .elementor-heading-title.elementor-size-small{font-size:15px}.elementor-widget-heading .elementor-heading-title.elementor-size-medium{font-size:19px}.elementor-widget-heading .elementor-heading-title.elementor-size-large{font-size:29px}.elementor-widget-heading .elementor-heading-title.elementor-size-xl{font-size:39px}.elementor-widget-heading .elementor-heading-title.elementor-size-xxl{font-size:59px}<\/style><h2 class=\"elementor-heading-title elementor-size-default\">TRES LUNAS BEAUTY SPA - Sal\u00f3n de Belleza<\/h2>\t\t<\/div>\n\t\t\t\t<\/div>\n\t\t\t\t<div class=\"elementor-element elementor-element-bf2a8f1 elementor-widget elementor-widget-image\" data-id=\"bf2a8f1\" data-element_type=\"widget\" data-widget_type=\"image.default\">\n\t\t\t\t<div class=\"elementor-widget-container\">\n\t\t\t<style>\/*! elementor - v3.19.0 - 28-02-2024 *\/\n.elementor-widget-image{text-align:center}.elementor-widget-image a{display:inline-block}.elementor-widget-image a img[src$=\".svg\"]{width:48px}.elementor-widget-image img{vertical-align:middle;display:inline-block}<\/style>\t\t\t\t\t\t\t\t\t\t<img decoding=\"async\" width=\"188\" height=\"188\" src=\"https:\/\/treslunasbeautyspa.com\/wp-content\/uploads\/2024\/03\/loguitoreslunas.png\" class=\"attachment-large size-large wp-image-120\" alt=\"\" srcset=\"https:\/\/treslunasbeautyspa.com\/wp-content\/uploads\/2024\/03\/loguitoreslunas.png 188w, https:\/\/treslunasbeautyspa.com\/wp-content\/uploads\/2024\/03\/loguitoreslunas-150x150.png 150w\" sizes=\"(max-width: 188px) 100vw, 188px\" \/>\t\t\t\t\t\t\t\t\t\t\t\t\t<\/div>\n\t\t\t\t<\/div>\n\t\t\t\t<div class=\"elementor-element elementor-element-bf96cd5 elementor-widget elementor-widget-text-editor\" data-id=\"bf96cd5\" data-element_type=\"widget\" data-widget_type=\"text-editor.default\">\n\t\t\t\t<div class=\"elementor-widget-container\">\n\t\t\t<style>\/*! elementor - v3.19.0 - 28-02-2024 *\/\n.elementor-widget-text-editor.elementor-drop-cap-view-stacked .elementor-drop-cap{background-color:#69727d;color:#fff}.elementor-widget-text-editor.elementor-drop-cap-view-framed .elementor-drop-cap{color:#69727d;border:3px solid;background-color:transparent}.elementor-widget-text-editor:not(.elementor-drop-cap-view-default) .elementor-drop-cap{margin-top:8px}.elementor-widget-text-editor:not(.elementor-drop-cap-view-default) .elementor-drop-cap-letter{width:1em;height:1em}.elementor-widget-text-editor .elementor-drop-cap{float:left;text-align:center;line-height:1;font-size:50px}.elementor-widget-text-editor .elementor-drop-cap-letter{display:inline-block}<\/style>\t\t\t\t<h5 style=\"text-align: center;\"><span>&#8220;Sum\u00e9rgete en una experiencia de transformaci\u00f3n en nuestro sal\u00f3n de belleza. Desde maquillaje impecable hasta pesta\u00f1as de ensue\u00f1o, manicuras de lujo y estilos de cabello deslumbrantes, ofrecemos servicios que realzan tu belleza \u00fanica. D\u00e9janos ser tu destino para el rejuvenecimiento y la confianza radiante.&#8221;<\/span><\/h5>\t\t\t\t\t\t<\/div>\n\t\t\t\t<\/div>\n\t\t\t\t\t<\/div>\n\t\t\t\t<\/div>\n\t\t<div class=\"elementor-element elementor-element-bda121b e-flex e-con-boxed e-con e-parent\" data-id=\"bda121b\" data-element_type=\"container\" data-settings=\"{&quot;content_width&quot;:&quot;boxed&quot;}\" data-core-v316-plus=\"true\">\n\t\t\t\t\t<div class=\"e-con-inner\">\n\t\t<div class=\"elementor-element elementor-element-2485572 e-con-full e-flex e-con e-child\" data-id=\"2485572\" data-element_type=\"container\" data-settings=\"{&quot;content_width&quot;:&quot;full&quot;}\">\n\t\t\t\t<div class=\"elementor-element elementor-element-13d6b1b elementor-widget elementor-widget-heading\" data-id=\"13d6b1b\" data-element_type=\"widget\" data-widget_type=\"heading.default\">\n\t\t\t\t<div class=\"elementor-widget-container\">\n\t\t\t<h2 class=\"elementor-heading-title elementor-size-default\">MANICURE<\/h2>\t\t<\/div>\n\t\t\t\t<\/div>\n\t\t\t\t<div class=\"elementor-element elementor-element-f7230f2 elementor-widget elementor-widget-image\" data-id=\"f7230f2\" data-element_type=\"widget\" data-widget_type=\"image.default\">\n\t\t\t\t<div class=\"elementor-widget-container\">\n\t\t\t\t\t\t\t\t\t\t\t\t\t<img fetchpriority=\"high\" decoding=\"async\" width=\"400\" height=\"225\" src=\"https:\/\/treslunasbeautyspa.com\/wp-content\/uploads\/2024\/03\/manicure01.jpg\" class=\"attachment-large size-large wp-image-146\" alt=\"\" srcset=\"https:\/\/treslunasbeautyspa.com\/wp-content\/uploads\/2024\/03\/manicure01.jpg 400w, https:\/\/treslunasbeautyspa.com\/wp-content\/uploads\/2024\/03\/manicure01-300x169.jpg 300w\" sizes=\"(max-width: 400px) 100vw, 400px\" \/>\t\t\t\t\t\t\t\t\t\t\t\t\t<\/div>\n\t\t\t\t<\/div>\n\t\t\t\t<div class=\"elementor-element elementor-element-fd91a75 elementor-widget elementor-widget-text-editor\" data-id=\"fd91a75\" data-element_type=\"widget\" data-widget_type=\"text-editor.default\">\n\t\t\t\t<div class=\"elementor-widget-container\">\n\t\t\t\t\t\t\t<p>\u2022 Esmaltado semipermanente <br \/>\u2022 U\u00f1as en acr\u00edlico<br \/>\u2022 T\u00e9cnica press on <br \/>\u2022 Dipping<br \/>\u2022 Manicure tradicional<\/p>\t\t\t\t\t\t<\/div>\n\t\t\t\t<\/div>\n\t\t\t\t<\/div>\n\t\t<div class=\"elementor-element elementor-element-1b68527 e-con-full e-flex e-con e-child\" data-id=\"1b68527\" data-element_type=\"container\" data-settings=\"{&quot;content_width&quot;:&quot;full&quot;}\">\n\t\t\t\t<div class=\"elementor-element elementor-element-46d319b elementor-widget elementor-widget-heading\" data-id=\"46d319b\" data-element_type=\"widget\" data-widget_type=\"heading.default\">\n\t\t\t\t<div class=\"elementor-widget-container\">\n\t\t\t<h2 class=\"elementor-heading-title elementor-size-default\">CABELLO<\/h2>\t\t<\/div>\n\t\t\t\t<\/div>\n\t\t\t\t<div class=\"elementor-element elementor-element-f6897f5 elementor-widget elementor-widget-image\" data-id=\"f6897f5\" data-element_type=\"widget\" data-widget_type=\"image.default\">\n\t\t\t\t<div class=\"elementor-widget-container\">\n\t\t\t\t\t\t\t\t\t\t\t\t\t<img decoding=\"async\" width=\"400\" height=\"225\" src=\"https:\/\/treslunasbeautyspa.com\/wp-content\/uploads\/2024\/03\/cabello.jpg\" class=\"attachment-large size-large wp-image-147\" alt=\"\" srcset=\"https:\/\/treslunasbeautyspa.com\/wp-content\/uploads\/2024\/03\/cabello.jpg 400w, https:\/\/treslunasbeautyspa.com\/wp-content\/uploads\/2024\/03\/cabello-300x169.jpg 300w\" sizes=\"(max-width: 400px) 100vw, 400px\" \/>\t\t\t\t\t\t\t\t\t\t\t\t\t<\/div>\n\t\t\t\t<\/div>\n\t\t\t\t<div class=\"elementor-element elementor-element-08391d7 elementor-widget elementor-widget-text-editor\" data-id=\"08391d7\" data-element_type=\"widget\" data-widget_type=\"text-editor.default\">\n\t\t\t\t<div class=\"elementor-widget-container\">\n\t\t\t\t\t\t\t<p>\u2022 Corte para dama y caballero<br \/>\u2022 Keratina<br \/>\u2022 Dise\u00f1o de color <br \/>\u2022 Tratamiento restaurador <br \/>\u2022 Cepillado <br \/>\u2022 Plancha<\/p>\t\t\t\t\t\t<\/div>\n\t\t\t\t<\/div>\n\t\t\t\t<\/div>\n\t\t<div class=\"elementor-element elementor-element-37c7c41 e-con-full e-flex e-con e-child\" data-id=\"37c7c41\" data-element_type=\"container\" data-settings=\"{&quot;content_width&quot;:&quot;full&quot;}\">\n\t\t\t\t<div class=\"elementor-element elementor-element-060b27c elementor-widget elementor-widget-heading\" data-id=\"060b27c\" data-element_type=\"widget\" data-widget_type=\"heading.default\">\n\t\t\t\t<div class=\"elementor-widget-container\">\n\t\t\t<h2 class=\"elementor-heading-title elementor-size-default\">PESTA\u00d1AS<\/h2>\t\t<\/div>\n\t\t\t\t<\/div>\n\t\t\t\t<div class=\"elementor-element elementor-element-b4f9410 elementor-widget elementor-widget-image\" data-id=\"b4f9410\" data-element_type=\"widget\" data-widget_type=\"image.default\">\n\t\t\t\t<div class=\"elementor-widget-container\">\n\t\t\t\t\t\t\t\t\t\t\t\t\t<img loading=\"lazy\" decoding=\"async\" width=\"400\" height=\"225\" src=\"https:\/\/treslunasbeautyspa.com\/wp-content\/uploads\/2024\/03\/pestanas.jpg\" class=\"attachment-large size-large wp-image-148\" alt=\"\" srcset=\"https:\/\/treslunasbeautyspa.com\/wp-content\/uploads\/2024\/03\/pestanas.jpg 400w, https:\/\/treslunasbeautyspa.com\/wp-content\/uploads\/2024\/03\/pestanas-300x169.jpg 300w\" sizes=\"(max-width: 400px) 100vw, 400px\" \/>\t\t\t\t\t\t\t\t\t\t\t\t\t<\/div>\n\t\t\t\t<\/div>\n\t\t\t\t<div class=\"elementor-element elementor-element-e73216a elementor-widget elementor-widget-text-editor\" data-id=\"e73216a\" data-element_type=\"widget\" data-widget_type=\"text-editor.default\">\n\t\t\t\t<div class=\"elementor-widget-container\">\n\t\t\t\t\t\t\t<p>\u2022 Lifting<br \/>\u2022 Pesta\u00f1as cl\u00e1sicas <br \/>\u2022 Dise\u00f1o y pigmentaci\u00f3n de cejas <br \/>\u2022 Laminado de cejas<\/p>\t\t\t\t\t\t<\/div>\n\t\t\t\t<\/div>\n\t\t\t\t<\/div>\n\t\t<div class=\"elementor-element elementor-element-2d1ae0c e-con-full e-flex e-con e-child\" data-id=\"2d1ae0c\" data-element_type=\"container\" data-settings=\"{&quot;content_width&quot;:&quot;full&quot;}\">\n\t\t\t\t<div class=\"elementor-element elementor-element-e61020e elementor-widget elementor-widget-heading\" data-id=\"e61020e\" data-element_type=\"widget\" data-widget_type=\"heading.default\">\n\t\t\t\t<div class=\"elementor-widget-container\">\n\t\t\t<h2 class=\"elementor-heading-title elementor-size-default\">MAQUILLAJE<\/h2>\t\t<\/div>\n\t\t\t\t<\/div>\n\t\t\t\t<div class=\"elementor-element elementor-element-6e06f94 elementor-widget elementor-widget-image\" data-id=\"6e06f94\" data-element_type=\"widget\" data-widget_type=\"image.default\">\n\t\t\t\t<div class=\"elementor-widget-container\">\n\t\t\t\t\t\t\t\t\t\t\t\t\t<img loading=\"lazy\" decoding=\"async\" width=\"400\" height=\"225\" src=\"https:\/\/treslunasbeautyspa.com\/wp-content\/uploads\/2024\/03\/maquillaje.jpg\" class=\"attachment-large size-large wp-image-149\" alt=\"\" srcset=\"https:\/\/treslunasbeautyspa.com\/wp-content\/uploads\/2024\/03\/maquillaje.jpg 400w, https:\/\/treslunasbeautyspa.com\/wp-content\/uploads\/2024\/03\/maquillaje-300x169.jpg 300w\" sizes=\"(max-width: 400px) 100vw, 400px\" \/>\t\t\t\t\t\t\t\t\t\t\t\t\t<\/div>\n\t\t\t\t<\/div>\n\t\t\t\t<div class=\"elementor-element elementor-element-71721bf elementor-widget elementor-widget-text-editor\" data-id=\"71721bf\" data-element_type=\"widget\" data-widget_type=\"text-editor.default\">\n\t\t\t\t<div class=\"elementor-widget-container\">\n\t\t\t\t\t\t\t<ul><li>Social<\/li><li>Quincea\u00f1eras<\/li><li>Novias<\/li><li>Art\u00edstico<\/li><\/ul><p><\/p>\t\t\t\t\t\t<\/div>\n\t\t\t\t<\/div>\n\t\t\t\t<\/div>\n\t\t\t\t\t<\/div>\n\t\t\t\t<\/div>\n\t\t<div class=\"elementor-element elementor-element-d1d4efc e-flex e-con-boxed e-con e-parent\" data-id=\"d1d4efc\" data-element_type=\"container\" data-settings=\"{&quot;content_width&quot;:&quot;boxed&quot;}\" data-core-v316-plus=\"true\">\n\t\t\t\t\t<div class=\"e-con-inner\">\n\t\t\t\t<div class=\"elementor-element elementor-element-490b4cc elementor-align-center elementor-widget elementor-widget-button\" data-id=\"490b4cc\" data-element_type=\"widget\" data-widget_type=\"button.default\">\n\t\t\t\t<div class=\"elementor-widget-container\">\n\t\t\t\t\t<div class=\"elementor-button-wrapper\">\n\t\t\t<a class=\"elementor-button elementor-button-link elementor-size-sm\" href=\"https:\/\/wa.me\/573105625807\">\n\t\t\t\t\t\t<span class=\"elementor-button-content-wrapper\">\n\t\t\t\t\t\t<span class=\"elementor-button-text\">Cont\u00e1cto Via Whatsapp 310 562 58 07<\/span>\n\t\t<\/span>\n\t\t\t\t\t<\/a>\n\t\t<\/div>\n\t\t\t\t<\/div>\n\t\t\t\t<\/div>\n\t\t\t\t\t<\/div>\n\t\t\t\t<\/div>\n\t\t<div class=\"elementor-element elementor-element-48658f0 e-flex e-con-boxed e-con e-parent\" data-id=\"48658f0\" data-element_type=\"container\" data-settings=\"{&quot;content_width&quot;:&quot;boxed&quot;}\" data-core-v316-plus=\"true\">\n\t\t\t\t\t<div class=\"e-con-inner\">\n\t\t\t\t<div class=\"elementor-element elementor-element-f0786df elementor-widget elementor-widget-heading\" data-id=\"f0786df\" data-element_type=\"widget\" data-widget_type=\"heading.default\">\n\t\t\t\t<div class=\"elementor-widget-container\">\n\t\t\t<h6 class=\"elementor-heading-title elementor-size-default\"><a href=\"https:\/\/treslunasbeautyspa.com\/index.php\/contacto\/\">TRES LUNAS BEAUTY SPA - Sal\u00f3n de Belleza\nCALLE 32#48-02 BARRIO \u00c1LVAREZ\nBUCARAMANGA<\/a><\/h6>\t\t<\/div>\n\t\t\t\t<\/div>\n\t\t\t\t<div class=\"elementor-element elementor-element-8160a43 elementor-widget elementor-widget-html\" data-id=\"8160a43\" data-element_type=\"widget\" data-widget_type=\"html.default\">\n\t\t\t\t<div class=\"elementor-widget-container\">\n\t\t\t<iframe src=\"https:\/\/www.google.com\/maps\/d\/embed?mid=1VqDdZFsmpB-YgJS8a-_H5-30VP0FDr0&ehbc=2E312F&noprof=1\" width=\"640\" height=\"480\"><\/iframe>\t\t<\/div>\n\t\t\t\t<\/div>\n\t\t\t\t\t<\/div>\n\t\t\t\t<\/div>\n\t\t\t\t<\/div>\n\t\t","protected":false},"excerpt":{"rendered":"<p>TRES LUNAS BEAUTY SPA &#8211; Sal\u00f3n de Belleza &#8220;Sum\u00e9rgete en una experiencia de transformaci\u00f3n en nuestro sal\u00f3n de belleza. Desde maquillaje impecable hasta pesta\u00f1as de ensue\u00f1o, manicuras de lujo y estilos de cabello deslumbrantes, ofrecemos servicios que realzan tu belleza \u00fanica. D\u00e9janos ser tu destino para el rejuvenecimiento y la [&hellip;]<\/p>\n","protected":false},"author":1,"featured_media":0,"parent":0,"menu_order":0,"comment_status":"closed","ping_status":"closed","template":"page-templates\/template-pagebuilder-full-width.php","meta":{"om_disable_all_campaigns":false,"_monsterinsights_skip_tracking":false,"_monsterinsights_sitenote_active":false,"_monsterinsights_sitenote_note":"","_monsterinsights_sitenote_category":0,"footnotes":""},"class_list":["post-137","page","type-page","status-publish","hentry"],"aioseo_notices":[],"_links":{"self":[{"href":"https:\/\/treslunasbeautyspa.com\/index.php\/wp-json\/wp\/v2\/pages\/137"}],"collection":[{"href":"https:\/\/treslunasbeautyspa.com\/index.php\/wp-json\/wp\/v2\/pages"}],"about":[{"href":"https:\/\/treslunasbeautyspa.com\/index.php\/wp-json\/wp\/v2\/types\/page"}],"author":[{"embeddable":true,"href":"https:\/\/treslunasbeautyspa.com\/index.php\/wp-json\/wp\/v2\/users\/1"}],"replies":[{"embeddable":true,"href":"https:\/\/treslunasbeautyspa.com\/index.php\/wp-json\/wp\/v2\/comments?post=137"}],"version-history":[{"count":13,"href":"https:\/\/treslunasbeautyspa.com\/index.php\/wp-json\/wp\/v2\/pages\/137\/revisions"}],"predecessor-version":[{"id":239,"href":"https:\/\/treslunasbeautyspa.com\/index.php\/wp-json\/wp\/v2\/pages\/137\/revisions\/239"}],"wp:attachment":[{"href":"https:\/\/treslunasbeautyspa.com\/index.php\/wp-json\/wp\/v2\/media?parent=137"}],"curies":[{"name":"wp","href":"https:\/\/api.w.org\/{rel}","templated":true}]}}